{"id":685,"date":"2019-06-06T13:35:37","date_gmt":"2019-06-06T11:35:37","guid":{"rendered":"http:\/\/drvelezpombo.basicestudioonline.com\/intervenciones-no-quirurgicas-botox\/"},"modified":"2020-10-16T14:03:05","modified_gmt":"2020-10-16T12:03:05","slug":"interventions-non-chirurgicales-botox","status":"publish","type":"page","link":"https:\/\/www.drvelezpombo.com\/fr\/interventions-non-chirurgicales-botox\/","title":{"rendered":"Botox"},"content":{"rendered":"","protected":false},"excerpt":{"rendered":"","protected":false},"author":1,"featured_media":0,"parent":0,"menu_order":0,"comment_status":"closed","ping_status":"closed","template":"","meta":{"footnotes":""},"class_list":["post-685","page","type-page","status-publish","hentry"],"yoast_head":"<!-- This site is optimized with the Yoast SEO plugin v27.4 - https:\/\/yoast.com\/product\/yoast-seo-wordpress\/ -->\n<title>Interventions Non Chirurgicales Botox | Dr. V\u00e9lez Pombo<\/title>\n<meta name=\"description\" content=\"Retrouvez un corps qui vous plait | Nous vous proposons un service de chirurgie esth\u00e9tique efficace et de qualit\u00e9 | Interventions Non Chirurgicales Botox\" \/>\n<meta name=\"robots\" content=\"index, follow, max-snippet:-1, max-image-preview:large, max-video-preview:-1\" \/>\n<link rel=\"canonical\" href=\"https:\/\/www.drvelezpombo.com\/fr\/interventions-non-chirurgicales-botox\/\" \/>\n<meta property=\"og:locale\" content=\"fr_FR\" \/>\n<meta property=\"og:type\" content=\"article\" \/>\n<meta property=\"og:title\" content=\"Interventions Non Chirurgicales Botox | Dr. V\u00e9lez Pombo\" \/>\n<meta property=\"og:description\" content=\"Retrouvez un corps qui vous plait | Nous vous proposons un service de chirurgie esth\u00e9tique efficace et de qualit\u00e9 | Interventions Non Chirurgicales Botox\" \/>\n<meta property=\"og:url\" content=\"https:\/\/www.drvelezpombo.com\/fr\/interventions-non-chirurgicales-botox\/\" \/>\n<meta property=\"og:site_name\" content=\"Dr. V\u00e9lez Pombo\" \/>\n<meta property=\"article:modified_time\" content=\"2020-10-16T12:03:05+00:00\" \/>\n<meta name=\"twitter:card\" content=\"summary_large_image\" \/>\n<script type=\"application\/ld+json\" class=\"yoast-schema-graph\">{\"@context\":\"https:\\\/\\\/schema.org\",\"@graph\":[{\"@type\":\"WebPage\",\"@id\":\"https:\\\/\\\/www.drvelezpombo.com\\\/fr\\\/interventions-non-chirurgicales-botox\\\/\",\"url\":\"https:\\\/\\\/www.drvelezpombo.com\\\/fr\\\/interventions-non-chirurgicales-botox\\\/\",\"name\":\"Interventions Non Chirurgicales Botox | Dr. V\u00e9lez Pombo\",\"isPartOf\":{\"@id\":\"https:\\\/\\\/www.drvelezpombo.com\\\/#website\"},\"datePublished\":\"2019-06-06T11:35:37+00:00\",\"dateModified\":\"2020-10-16T12:03:05+00:00\",\"description\":\"Retrouvez un corps qui vous plait | Nous vous proposons un service de chirurgie esth\u00e9tique efficace et de qualit\u00e9 | Interventions Non Chirurgicales Botox\",\"breadcrumb\":{\"@id\":\"https:\\\/\\\/www.drvelezpombo.com\\\/fr\\\/interventions-non-chirurgicales-botox\\\/#breadcrumb\"},\"inLanguage\":\"fr-FR\",\"potentialAction\":[{\"@type\":\"ReadAction\",\"target\":[\"https:\\\/\\\/www.drvelezpombo.com\\\/fr\\\/interventions-non-chirurgicales-botox\\\/\"]}]},{\"@type\":\"BreadcrumbList\",\"@id\":\"https:\\\/\\\/www.drvelezpombo.com\\\/fr\\\/interventions-non-chirurgicales-botox\\\/#breadcrumb\",\"itemListElement\":[{\"@type\":\"ListItem\",\"position\":1,\"name\":\"Portada\",\"item\":\"https:\\\/\\\/www.drvelezpombo.com\\\/\"},{\"@type\":\"ListItem\",\"position\":2,\"name\":\"Botox\"}]},{\"@type\":\"WebSite\",\"@id\":\"https:\\\/\\\/www.drvelezpombo.com\\\/#website\",\"url\":\"https:\\\/\\\/www.drvelezpombo.com\\\/\",\"name\":\"Dr. V\u00e9lez Pombo\",\"description\":\"Cirujano Est\u00e9tico\",\"potentialAction\":[{\"@type\":\"SearchAction\",\"target\":{\"@type\":\"EntryPoint\",\"urlTemplate\":\"https:\\\/\\\/www.drvelezpombo.com\\\/?s={search_term_string}\"},\"query-input\":{\"@type\":\"PropertyValueSpecification\",\"valueRequired\":true,\"valueName\":\"search_term_string\"}}],\"inLanguage\":\"fr-FR\"}]}<\/script>\n<!-- \/ Yoast SEO plugin. -->","yoast_head_json":{"title":"Interventions Non Chirurgicales Botox | Dr. V\u00e9lez Pombo","description":"Retrouvez un corps qui vous plait | Nous vous proposons un service de chirurgie esth\u00e9tique efficace et de qualit\u00e9 | Interventions Non Chirurgicales Botox","robots":{"index":"index","follow":"follow","max-snippet":"max-snippet:-1","max-image-preview":"max-image-preview:large","max-video-preview":"max-video-preview:-1"},"canonical":"https:\/\/www.drvelezpombo.com\/fr\/interventions-non-chirurgicales-botox\/","og_locale":"fr_FR","og_type":"article","og_title":"Interventions Non Chirurgicales Botox | Dr. V\u00e9lez Pombo","og_description":"Retrouvez un corps qui vous plait | Nous vous proposons un service de chirurgie esth\u00e9tique efficace et de qualit\u00e9 | Interventions Non Chirurgicales Botox","og_url":"https:\/\/www.drvelezpombo.com\/fr\/interventions-non-chirurgicales-botox\/","og_site_name":"Dr. V\u00e9lez Pombo","article_modified_time":"2020-10-16T12:03:05+00:00","twitter_card":"summary_large_image","schema":{"@context":"https:\/\/schema.org","@graph":[{"@type":"WebPage","@id":"https:\/\/www.drvelezpombo.com\/fr\/interventions-non-chirurgicales-botox\/","url":"https:\/\/www.drvelezpombo.com\/fr\/interventions-non-chirurgicales-botox\/","name":"Interventions Non Chirurgicales Botox | Dr. V\u00e9lez Pombo","isPartOf":{"@id":"https:\/\/www.drvelezpombo.com\/#website"},"datePublished":"2019-06-06T11:35:37+00:00","dateModified":"2020-10-16T12:03:05+00:00","description":"Retrouvez un corps qui vous plait | Nous vous proposons un service de chirurgie esth\u00e9tique efficace et de qualit\u00e9 | Interventions Non Chirurgicales Botox","breadcrumb":{"@id":"https:\/\/www.drvelezpombo.com\/fr\/interventions-non-chirurgicales-botox\/#breadcrumb"},"inLanguage":"fr-FR","potentialAction":[{"@type":"ReadAction","target":["https:\/\/www.drvelezpombo.com\/fr\/interventions-non-chirurgicales-botox\/"]}]},{"@type":"BreadcrumbList","@id":"https:\/\/www.drvelezpombo.com\/fr\/interventions-non-chirurgicales-botox\/#breadcrumb","itemListElement":[{"@type":"ListItem","position":1,"name":"Portada","item":"https:\/\/www.drvelezpombo.com\/"},{"@type":"ListItem","position":2,"name":"Botox"}]},{"@type":"WebSite","@id":"https:\/\/www.drvelezpombo.com\/#website","url":"https:\/\/www.drvelezpombo.com\/","name":"Dr. V\u00e9lez Pombo","description":"Cirujano Est\u00e9tico","potentialAction":[{"@type":"SearchAction","target":{"@type":"EntryPoint","urlTemplate":"https:\/\/www.drvelezpombo.com\/?s={search_term_string}"},"query-input":{"@type":"PropertyValueSpecification","valueRequired":true,"valueName":"search_term_string"}}],"inLanguage":"fr-FR"}]}},"_links":{"self":[{"href":"https:\/\/www.drvelezpombo.com\/fr\/wp-json\/wp\/v2\/pages\/685","targetHints":{"allow":["GET"]}}],"collection":[{"href":"https:\/\/www.drvelezpombo.com\/fr\/wp-json\/wp\/v2\/pages"}],"about":[{"href":"https:\/\/www.drvelezpombo.com\/fr\/wp-json\/wp\/v2\/types\/page"}],"author":[{"embeddable":true,"href":"https:\/\/www.drvelezpombo.com\/fr\/wp-json\/wp\/v2\/users\/1"}],"replies":[{"embeddable":true,"href":"https:\/\/www.drvelezpombo.com\/fr\/wp-json\/wp\/v2\/comments?post=685"}],"version-history":[{"count":1,"href":"https:\/\/www.drvelezpombo.com\/fr\/wp-json\/wp\/v2\/pages\/685\/revisions"}],"predecessor-version":[{"id":687,"href":"https:\/\/www.drvelezpombo.com\/fr\/wp-json\/wp\/v2\/pages\/685\/revisions\/687"}],"wp:attachment":[{"href":"https:\/\/www.drvelezpombo.com\/fr\/wp-json\/wp\/v2\/media?parent=685"}],"curies":[{"name":"wp","href":"https:\/\/api.w.org\/{rel}","templated":true}]}}