{"id":633,"date":"2019-05-14T10:03:59","date_gmt":"2019-05-14T08:03:59","guid":{"rendered":"http:\/\/drvelezpombo.basicestudioonline.com\/intervenciones-mamarias-reduccion-mamaria\/"},"modified":"2025-12-01T10:38:16","modified_gmt":"2025-12-01T09:38:16","slug":"interventions-mammaires-reduction-mammaire","status":"publish","type":"page","link":"https:\/\/www.drvelezpombo.com\/fr\/interventions-mammaires-reduction-mammaire\/","title":{"rendered":"R\u00e9duction Mammaire"},"content":{"rendered":"","protected":false},"excerpt":{"rendered":"","protected":false},"author":1,"featured_media":0,"parent":0,"menu_order":0,"comment_status":"closed","ping_status":"closed","template":"","meta":{"footnotes":""},"class_list":["post-633","page","type-page","status-publish","hentry"],"yoast_head":"<!-- This site is optimized with the Yoast SEO plugin v27.4 - https:\/\/yoast.com\/product\/yoast-seo-wordpress\/ -->\n<title>Interventions Mammaires Reduction Mammaire | Dr. V\u00e9lez Pombo<\/title>\n<meta name=\"description\" content=\"Retrouvez un corps qui vous plait | Nous vous proposons un service de chirurgie esth\u00e9tique efficace et de qualit\u00e9 | Interventions Mammaires Reduction Mammaire\" \/>\n<meta name=\"robots\" content=\"index, follow, max-snippet:-1, max-image-preview:large, max-video-preview:-1\" \/>\n<link rel=\"canonical\" href=\"https:\/\/www.drvelezpombo.com\/fr\/interventions-mammaires-reduction-mammaire\/\" \/>\n<meta property=\"og:locale\" content=\"fr_FR\" \/>\n<meta property=\"og:type\" content=\"article\" \/>\n<meta property=\"og:title\" content=\"Interventions Mammaires Reduction Mammaire | Dr. V\u00e9lez Pombo\" \/>\n<meta property=\"og:description\" content=\"Retrouvez un corps qui vous plait | Nous vous proposons un service de chirurgie esth\u00e9tique efficace et de qualit\u00e9 | Interventions Mammaires Reduction Mammaire\" \/>\n<meta property=\"og:url\" content=\"https:\/\/www.drvelezpombo.com\/fr\/interventions-mammaires-reduction-mammaire\/\" \/>\n<meta property=\"og:site_name\" content=\"Dr. V\u00e9lez Pombo\" \/>\n<meta property=\"article:modified_time\" content=\"2025-12-01T09:38:16+00:00\" \/>\n<meta name=\"twitter:card\" content=\"summary_large_image\" \/>\n<script type=\"application\/ld+json\" class=\"yoast-schema-graph\">{\"@context\":\"https:\\\/\\\/schema.org\",\"@graph\":[{\"@type\":\"WebPage\",\"@id\":\"https:\\\/\\\/www.drvelezpombo.com\\\/fr\\\/interventions-mammaires-reduction-mammaire\\\/\",\"url\":\"https:\\\/\\\/www.drvelezpombo.com\\\/fr\\\/interventions-mammaires-reduction-mammaire\\\/\",\"name\":\"Interventions Mammaires Reduction Mammaire | Dr. V\u00e9lez Pombo\",\"isPartOf\":{\"@id\":\"https:\\\/\\\/www.drvelezpombo.com\\\/#website\"},\"datePublished\":\"2019-05-14T08:03:59+00:00\",\"dateModified\":\"2025-12-01T09:38:16+00:00\",\"description\":\"Retrouvez un corps qui vous plait | Nous vous proposons un service de chirurgie esth\u00e9tique efficace et de qualit\u00e9 | Interventions Mammaires Reduction Mammaire\",\"breadcrumb\":{\"@id\":\"https:\\\/\\\/www.drvelezpombo.com\\\/fr\\\/interventions-mammaires-reduction-mammaire\\\/#breadcrumb\"},\"inLanguage\":\"fr-FR\",\"potentialAction\":[{\"@type\":\"ReadAction\",\"target\":[\"https:\\\/\\\/www.drvelezpombo.com\\\/fr\\\/interventions-mammaires-reduction-mammaire\\\/\"]}]},{\"@type\":\"BreadcrumbList\",\"@id\":\"https:\\\/\\\/www.drvelezpombo.com\\\/fr\\\/interventions-mammaires-reduction-mammaire\\\/#breadcrumb\",\"itemListElement\":[{\"@type\":\"ListItem\",\"position\":1,\"name\":\"Portada\",\"item\":\"https:\\\/\\\/www.drvelezpombo.com\\\/\"},{\"@type\":\"ListItem\",\"position\":2,\"name\":\"R\u00e9duction Mammaire\"}]},{\"@type\":\"WebSite\",\"@id\":\"https:\\\/\\\/www.drvelezpombo.com\\\/#website\",\"url\":\"https:\\\/\\\/www.drvelezpombo.com\\\/\",\"name\":\"Dr. V\u00e9lez Pombo\",\"description\":\"Cirujano Est\u00e9tico\",\"potentialAction\":[{\"@type\":\"SearchAction\",\"target\":{\"@type\":\"EntryPoint\",\"urlTemplate\":\"https:\\\/\\\/www.drvelezpombo.com\\\/?s={search_term_string}\"},\"query-input\":{\"@type\":\"PropertyValueSpecification\",\"valueRequired\":true,\"valueName\":\"search_term_string\"}}],\"inLanguage\":\"fr-FR\"}]}<\/script>\n<!-- \/ Yoast SEO plugin. -->","yoast_head_json":{"title":"Interventions Mammaires Reduction Mammaire | Dr. V\u00e9lez Pombo","description":"Retrouvez un corps qui vous plait | Nous vous proposons un service de chirurgie esth\u00e9tique efficace et de qualit\u00e9 | Interventions Mammaires Reduction Mammaire","robots":{"index":"index","follow":"follow","max-snippet":"max-snippet:-1","max-image-preview":"max-image-preview:large","max-video-preview":"max-video-preview:-1"},"canonical":"https:\/\/www.drvelezpombo.com\/fr\/interventions-mammaires-reduction-mammaire\/","og_locale":"fr_FR","og_type":"article","og_title":"Interventions Mammaires Reduction Mammaire | Dr. V\u00e9lez Pombo","og_description":"Retrouvez un corps qui vous plait | Nous vous proposons un service de chirurgie esth\u00e9tique efficace et de qualit\u00e9 | Interventions Mammaires Reduction Mammaire","og_url":"https:\/\/www.drvelezpombo.com\/fr\/interventions-mammaires-reduction-mammaire\/","og_site_name":"Dr. V\u00e9lez Pombo","article_modified_time":"2025-12-01T09:38:16+00:00","twitter_card":"summary_large_image","schema":{"@context":"https:\/\/schema.org","@graph":[{"@type":"WebPage","@id":"https:\/\/www.drvelezpombo.com\/fr\/interventions-mammaires-reduction-mammaire\/","url":"https:\/\/www.drvelezpombo.com\/fr\/interventions-mammaires-reduction-mammaire\/","name":"Interventions Mammaires Reduction Mammaire | Dr. V\u00e9lez Pombo","isPartOf":{"@id":"https:\/\/www.drvelezpombo.com\/#website"},"datePublished":"2019-05-14T08:03:59+00:00","dateModified":"2025-12-01T09:38:16+00:00","description":"Retrouvez un corps qui vous plait | Nous vous proposons un service de chirurgie esth\u00e9tique efficace et de qualit\u00e9 | Interventions Mammaires Reduction Mammaire","breadcrumb":{"@id":"https:\/\/www.drvelezpombo.com\/fr\/interventions-mammaires-reduction-mammaire\/#breadcrumb"},"inLanguage":"fr-FR","potentialAction":[{"@type":"ReadAction","target":["https:\/\/www.drvelezpombo.com\/fr\/interventions-mammaires-reduction-mammaire\/"]}]},{"@type":"BreadcrumbList","@id":"https:\/\/www.drvelezpombo.com\/fr\/interventions-mammaires-reduction-mammaire\/#breadcrumb","itemListElement":[{"@type":"ListItem","position":1,"name":"Portada","item":"https:\/\/www.drvelezpombo.com\/"},{"@type":"ListItem","position":2,"name":"R\u00e9duction Mammaire"}]},{"@type":"WebSite","@id":"https:\/\/www.drvelezpombo.com\/#website","url":"https:\/\/www.drvelezpombo.com\/","name":"Dr. V\u00e9lez Pombo","description":"Cirujano Est\u00e9tico","potentialAction":[{"@type":"SearchAction","target":{"@type":"EntryPoint","urlTemplate":"https:\/\/www.drvelezpombo.com\/?s={search_term_string}"},"query-input":{"@type":"PropertyValueSpecification","valueRequired":true,"valueName":"search_term_string"}}],"inLanguage":"fr-FR"}]}},"_links":{"self":[{"href":"https:\/\/www.drvelezpombo.com\/fr\/wp-json\/wp\/v2\/pages\/633","targetHints":{"allow":["GET"]}}],"collection":[{"href":"https:\/\/www.drvelezpombo.com\/fr\/wp-json\/wp\/v2\/pages"}],"about":[{"href":"https:\/\/www.drvelezpombo.com\/fr\/wp-json\/wp\/v2\/types\/page"}],"author":[{"embeddable":true,"href":"https:\/\/www.drvelezpombo.com\/fr\/wp-json\/wp\/v2\/users\/1"}],"replies":[{"embeddable":true,"href":"https:\/\/www.drvelezpombo.com\/fr\/wp-json\/wp\/v2\/comments?post=633"}],"version-history":[{"count":2,"href":"https:\/\/www.drvelezpombo.com\/fr\/wp-json\/wp\/v2\/pages\/633\/revisions"}],"predecessor-version":[{"id":636,"href":"https:\/\/www.drvelezpombo.com\/fr\/wp-json\/wp\/v2\/pages\/633\/revisions\/636"}],"wp:attachment":[{"href":"https:\/\/www.drvelezpombo.com\/fr\/wp-json\/wp\/v2\/media?parent=633"}],"curies":[{"name":"wp","href":"https:\/\/api.w.org\/{rel}","templated":true}]}}